{"id":1968,"date":"2020-09-05T09:22:42","date_gmt":"2020-09-05T12:22:42","guid":{"rendered":"http:\/\/www.mooca.arq.br\/?page_id=1968"},"modified":"2023-03-29T10:11:08","modified_gmt":"2023-03-29T13:11:08","slug":"servicos","status":"publish","type":"page","link":"https:\/\/www.mooca.arq.br\/?page_id=1968","title":{"rendered":"Servi\u00e7os"},"content":{"rendered":"\n<figure class=\"wp-block-image size-large\"><img loading=\"lazy\" width=\"1024\" height=\"455\" src=\"http:\/\/www.mooca.arq.br\/wp-content\/uploads\/2020\/09\/IMG_4160-1024x455.jpg\" alt=\"\" class=\"wp-image-2055\" srcset=\"https:\/\/www.mooca.arq.br\/wp-content\/uploads\/2020\/09\/IMG_4160-1024x455.jpg 1024w, https:\/\/www.mooca.arq.br\/wp-content\/uploads\/2020\/09\/IMG_4160-300x133.jpg 300w, https:\/\/www.mooca.arq.br\/wp-content\/uploads\/2020\/09\/IMG_4160-768x341.jpg 768w, https:\/\/www.mooca.arq.br\/wp-content\/uploads\/2020\/09\/IMG_4160-1536x683.jpg 1536w, https:\/\/www.mooca.arq.br\/wp-content\/uploads\/2020\/09\/IMG_4160-2048x911.jpg 2048w\" sizes=\"(max-width: 1024px) 100vw, 1024px\" \/><\/figure>\n\n\n\n<p><\/p>\n\n\n\n<p><strong>A Mooca Arquitetos Associados oferece os seguintes servi\u00e7os:<\/strong><\/p>\n\n\n\n<p><br>Elabora\u00e7\u00e3o de Projeto de Arquitetura: Residencial, Corporativa, Hospitalar e Comercial.<br>Consultoria em Arquitetura.<br>Gerenciamento e Fiscaliza\u00e7\u00e3o de Obras e Reformas.<\/p>\n","protected":false},"excerpt":{"rendered":"<p>A Mooca Arquitetos Associados oferece os seguintes servi\u00e7os: Elabora\u00e7\u00e3o de Projeto de Arquitetura: Residencial, Corporativa, Hospitalar e Comercial.Consultoria em Arquitetura.Gerenciamento e Fiscaliza\u00e7\u00e3o de Obras e Reformas.<\/p>\n","protected":false},"author":1,"featured_media":0,"parent":0,"menu_order":0,"comment_status":"closed","ping_status":"closed","template":"","meta":[],"_links":{"self":[{"href":"https:\/\/www.mooca.arq.br\/index.php?rest_route=\/wp\/v2\/pages\/1968"}],"collection":[{"href":"https:\/\/www.mooca.arq.br\/index.php?rest_route=\/wp\/v2\/pages"}],"about":[{"href":"https:\/\/www.mooca.arq.br\/index.php?rest_route=\/wp\/v2\/types\/page"}],"author":[{"embeddable":true,"href":"https:\/\/www.mooca.arq.br\/index.php?rest_route=\/wp\/v2\/users\/1"}],"replies":[{"embeddable":true,"href":"https:\/\/www.mooca.arq.br\/index.php?rest_route=%2Fwp%2Fv2%2Fcomments&post=1968"}],"version-history":[{"count":8,"href":"https:\/\/www.mooca.arq.br\/index.php?rest_route=\/wp\/v2\/pages\/1968\/revisions"}],"predecessor-version":[{"id":3771,"href":"https:\/\/www.mooca.arq.br\/index.php?rest_route=\/wp\/v2\/pages\/1968\/revisions\/3771"}],"wp:attachment":[{"href":"https:\/\/www.mooca.arq.br\/index.php?rest_route=%2Fwp%2Fv2%2Fmedia&parent=1968"}],"curies":[{"name":"wp","href":"https:\/\/api.w.org\/{rel}","templated":true}]}}