{"id":1927,"date":"2020-09-04T09:42:35","date_gmt":"2020-09-04T12:42:35","guid":{"rendered":"http:\/\/www.mooca.arq.br\/?page_id=1927"},"modified":"2025-05-23T09:33:04","modified_gmt":"2025-05-23T12:33:04","slug":"pagina-inicial","status":"publish","type":"page","link":"https:\/\/www.mooca.arq.br\/","title":{"rendered":"In\u00edcio"},"content":{"rendered":"\n<figure class=\"wp-block-image size-large\"><img loading=\"lazy\" width=\"1024\" height=\"455\" src=\"http:\/\/www.mooca.arq.br\/wp-content\/uploads\/2020\/09\/IMG_7438-1024x455.jpg\" alt=\"\" class=\"wp-image-1971\" srcset=\"https:\/\/www.mooca.arq.br\/wp-content\/uploads\/2020\/09\/IMG_7438-1024x455.jpg 1024w, https:\/\/www.mooca.arq.br\/wp-content\/uploads\/2020\/09\/IMG_7438-300x133.jpg 300w, https:\/\/www.mooca.arq.br\/wp-content\/uploads\/2020\/09\/IMG_7438-768x341.jpg 768w, https:\/\/www.mooca.arq.br\/wp-content\/uploads\/2020\/09\/IMG_7438-1536x683.jpg 1536w, https:\/\/www.mooca.arq.br\/wp-content\/uploads\/2020\/09\/IMG_7438-2048x910.jpg 2048w\" sizes=\"(max-width: 1024px) 100vw, 1024px\" \/><\/figure>\n\n\n\n<p><em>Mooca: palavra com origem na l\u00edngua tupi e pela sua etimologia pode tamb\u00e9m ser traduzida como \u201cfazer casa\u201d, uma de nossas especialidades.<\/em><\/p>\n\n\n\n<p>Para n\u00f3s da Mooca Arquitetos Associados, <strong>a arquitetura deve primordialmente levar em considera\u00e7\u00e3o as pessoas<\/strong>, os usu\u00e1rios, sua realidade e necessidades bem como sua hist\u00f3ria e experi\u00eancia. O projeto de arquitetura tem origem nas necessidades, desejos e sonhos <strong>de um indiv\u00edduo<\/strong>, que dever\u00e3o ser considerados ao longo de todo processo, desde o primeiro estudo \u00e0 finaliza\u00e7\u00e3o das obras e servi\u00e7os conduzidos por n\u00f3s.<\/p>\n\n\n\n<p>Considerando que a finalidade do arquiteto \u00e9 idealizar espa\u00e7os que se tornar\u00e3o realidade, a fim de atender a necessidades reais e espec\u00edficas, <strong>\u00e9 imprescind\u00edvel que os projetos de arquitetura sejam vi\u00e1veis, ou seja, que possibilitem a concretiza\u00e7\u00e3o das ideias propostas dentro de par\u00e2metros exequ\u00edveis<\/strong>, compat\u00edveis com as condi\u00e7\u00f5es t\u00e9cnicas, tecnol\u00f3gicas e econ\u00f4micas em que foi demandada.<\/p>\n\n\n\n<p>Deve, portanto, <strong>ser pensada tomando como base o or\u00e7amento dispon\u00edvel <\/strong>para tal, <strong>de maneira que as decis\u00f5es relacionadas ao projeto <\/strong>como t\u00e9cnica construtiva, materiais, implanta\u00e7\u00e3o e demais caracter\u00edsticas do partido arquitet\u00f4nico<strong> <\/strong>s<strong>ejam sempre norteadas a partir desse condicionante, com o objetivo de viabilizar a concretiza\u00e7\u00e3o dos projetos propostos.<\/strong><\/p>\n\n\n\n<p>A fim de garantir viabilidade e realiza\u00e7\u00e3o dos servi\u00e7os com maior qualidade, \u00e9 importante que o <strong>sistema construtivo e solu\u00e7\u00f5es t\u00e9cnicas escolhidas <\/strong>para cada edifica\u00e7\u00e3o <strong>esteja de acordo com os limitantes econ\u00f4micos e t\u00e9cnicos dispon\u00edveis<\/strong>, considerando ainda a especialidade da m\u00e3o de obra dispon\u00edvel para execu\u00e7\u00e3o dos servi\u00e7os. Os projetos devem ser elaborados de maneira a aproveitar e potencializar as caracter\u00edsticas e especificidades de cada material, bem como a habilidade dos executores, facilitando a execu\u00e7\u00e3o e diminuindo os custos dos servi\u00e7os.<\/p>\n\n\n\n<p>Acreditamos que, al\u00e9m de vi\u00e1vel e exequ\u00edvel, <strong>a arquitetura<\/strong> <strong>deve<\/strong> ser bela, <strong>apresentar harmonia est\u00e9tica e linguagem compat\u00edvel com o contexto hist\u00f3rico e social<\/strong> do Brasil e do mundo. Buscamos o desenvolvimento de projetos elaborados a partir de <strong>ideias criativas e inteligentes, que v\u00e3o al\u00e9m de solu\u00e7\u00f5es convencionais para a resolu\u00e7\u00e3o dos problemas e necessidades apresentadas pelos clientes<\/strong>.&nbsp;<\/p>\n\n\n\n<p>Para a elabora\u00e7\u00e3o dos projetos \u00e9 fundamental estudar com aten\u00e7\u00e3o o c<strong>ontexto existente e a paisagem, considerando a implanta\u00e7\u00e3o, principais fluxos, condi\u00e7\u00f5es geogr\u00e1ficas, clima, conforto ambiental <\/strong>entre outros. Primamos ainda por <strong>um olhar especial aos vazios, espa\u00e7os de passagem e circula\u00e7\u00f5es<\/strong>, conferindo a esses ambientes qualidade e relev\u00e2ncia no contexto geral.<\/p>\n\n\n\n<p>Entendemos o projeto como um processo din\u00e2mico, que sofrer\u00e1 altera\u00e7\u00f5es, interfer\u00eancias e transforma\u00e7\u00f5es ao longo de seu desenvolvimento por\u00e9m , tomando&nbsp; como diretrizes a aten\u00e7\u00e3o ao usu\u00e1rio, a viabilidade e a est\u00e9tica, a ess\u00eancia de cada projeto, seu eixo fundamental deve prevalecer, mantendo suas principais caracter\u00edsticas .&nbsp;&nbsp;<\/p>\n\n\n\n<p>A Mooca Arquitetos Associados e toda sua equipe se empenha, portanto, em realizar seu trabalho tomando como diretrizes a humanidade do processo e reconhecimento das necessidades e caracter\u00edsticas das pessoas envolvidas, bem como viabilidade e possibilidade de materializa\u00e7\u00e3o das ideias, desenvolvendo projetos criativos, inteligentes e comprometidos com a est\u00e9tica e harmonia do resultado.<\/p>\n","protected":false},"excerpt":{"rendered":"<p>Mooca: palavra com origem na l\u00edngua tupi e pela sua etimologia pode tamb\u00e9m ser traduzida como \u201cfazer casa\u201d, uma de nossas especialidades. Para n\u00f3s da Mooca Arquitetos Associados, a arquitetura deve primordialmente levar em considera\u00e7\u00e3o as pessoas, os usu\u00e1rios, sua realidade e necessidades bem como sua hist\u00f3ria e experi\u00eancia. O projeto de arquitetura tem origem [&hellip;]<\/p>\n","protected":false},"author":1,"featured_media":0,"parent":0,"menu_order":1,"comment_status":"closed","ping_status":"closed","template":"","meta":[],"_links":{"self":[{"href":"https:\/\/www.mooca.arq.br\/index.php?rest_route=\/wp\/v2\/pages\/1927"}],"collection":[{"href":"https:\/\/www.mooca.arq.br\/index.php?rest_route=\/wp\/v2\/pages"}],"about":[{"href":"https:\/\/www.mooca.arq.br\/index.php?rest_route=\/wp\/v2\/types\/page"}],"author":[{"embeddable":true,"href":"https:\/\/www.mooca.arq.br\/index.php?rest_route=\/wp\/v2\/users\/1"}],"replies":[{"embeddable":true,"href":"https:\/\/www.mooca.arq.br\/index.php?rest_route=%2Fwp%2Fv2%2Fcomments&post=1927"}],"version-history":[{"count":27,"href":"https:\/\/www.mooca.arq.br\/index.php?rest_route=\/wp\/v2\/pages\/1927\/revisions"}],"predecessor-version":[{"id":3901,"href":"https:\/\/www.mooca.arq.br\/index.php?rest_route=\/wp\/v2\/pages\/1927\/revisions\/3901"}],"wp:attachment":[{"href":"https:\/\/www.mooca.arq.br\/index.php?rest_route=%2Fwp%2Fv2%2Fmedia&parent=1927"}],"curies":[{"name":"wp","href":"https:\/\/api.w.org\/{rel}","templated":true}]}}